{"id":19,"date":"2023-08-18T04:20:43","date_gmt":"2023-08-18T04:20:43","guid":{"rendered":"https:\/\/demo.farost.net\/wiseguard\/?page_id=19"},"modified":"2026-04-14T18:56:03","modified_gmt":"2026-04-14T18:56:03","slug":"leadership-team","status":"publish","type":"page","link":"https:\/\/iparbiztonsagkft.com\/?page_id=19","title":{"rendered":"Bels\u0151 auditor"},"content":{"rendered":"\t\t<div data-elementor-type=\"wp-page\" data-elementor-id=\"19\" class=\"elementor elementor-19\">\n\t\t\t\t\t\t<section class=\"elementor-section elementor-top-section elementor-element elementor-element-de06170 elementor-section-full_width elementor-section-height-default elementor-section-height-default cms-full-content-with-space-none cms-section-banner-no\" data-id=\"de06170\" data-element_type=\"section\" data-e-type=\"section\">\r\n\t\t\t\t\t\t<div class=\"elementor-container elementor-column-gap-no \" >\r\n\t\t\t        <div class=\"elementor-column elementor-col-100 elementor-top-column elementor-element elementor-element-c8e382a\" data-id=\"c8e382a\" data-element_type=\"column\" data-e-type=\"column\">\r\n            <div class=\"elementor-widget-wrap elementor-element-populated\">\r\n                \t\t<div class=\"elementor-element elementor-element-60053ce cms-eptitle-header-transparent-yes cms-eptitle-overlay-1 elementor-invisible elementor-widget elementor-widget-cms_page_title\" data-id=\"60053ce\" data-element_type=\"widget\" data-e-type=\"widget\" data-settings=\"{&quot;_animation&quot;:&quot;fadeInUp&quot;}\" data-widget_type=\"cms_page_title.default\">\n\t\t\t\t<div class=\"elementor-widget-container\">\n\t\t\t\t\t<img loading=\"lazy\" decoding=\"async\" width=\"831\" height=\"360\" src=\"https:\/\/iparbiztonsagkft.com\/wp-content\/uploads\/2026\/04\/360_F_508110367_b8wvsGj3fyZmEwGmmLOgPmpxGhh3Naad.jpg\" class=\"cms-lazy lazy-loading img-cover cms-overlay\" alt=\"\" loading=\"lazy\" srcset=\"https:\/\/iparbiztonsagkft.com\/wp-content\/uploads\/2026\/04\/360_F_508110367_b8wvsGj3fyZmEwGmmLOgPmpxGhh3Naad.jpg 831w, https:\/\/iparbiztonsagkft.com\/wp-content\/uploads\/2026\/04\/360_F_508110367_b8wvsGj3fyZmEwGmmLOgPmpxGhh3Naad-18x8.jpg 18w, https:\/\/iparbiztonsagkft.com\/wp-content\/uploads\/2026\/04\/360_F_508110367_b8wvsGj3fyZmEwGmmLOgPmpxGhh3Naad-300x130.jpg 300w, https:\/\/iparbiztonsagkft.com\/wp-content\/uploads\/2026\/04\/360_F_508110367_b8wvsGj3fyZmEwGmmLOgPmpxGhh3Naad-600x260.jpg 600w, https:\/\/iparbiztonsagkft.com\/wp-content\/uploads\/2026\/04\/360_F_508110367_b8wvsGj3fyZmEwGmmLOgPmpxGhh3Naad-80x35.jpg 80w\" sizes=\"auto, (max-width: 831px) 100vw, 831px\" \/><div class=\"cms-eptitle-overlay cms-overlay\"><\/div><div class=\"cms-eptitle cms-eptitle-5 relative z-top text-start\">\n\t<div class=\"cms-content container text-start d-flex justify-content-start\">\n\t\t<div class=\"cms--content d-flex justify-content-start\">\n\t\t\t<div class=\"cms-small-title pb-10 w-100 text-17 font-700 pt-5 text-white empty-none\"><\/div>\n\t\t\t<h1 class=\"cms-title w-100 text-75 text-tablet-50 text-mobile-40 font-700 lh-1 text-white w-100 empty-none\">ISO <br \/>\nBELS\u0150 <br \/>\nAUDITOR<\/h1>\n\t\t\t<div class=\"cms-desc pt-20 w-100 text-17 font-700 text-white empty-none\"><br>\nISO 9001 - MIR<br>\nISO 14001 - KIR<br>\nISO 45001 - MEBIR<\/div>\n\t\t\t<div class=\"d-flex gap empty-none pt-30 w-100 pb-15 justify-content-start\" style=\"--cms-gap:30px;--cms-gap-tablet:30px;--cms-gap-mobile:20px;\"><\/div>\n\t\t<\/div>\n\t<\/div>\n\t<div class=\"cms-breadcrumbs-wrap absolute bottom-left p-20 bg-white ml-container\"><ul class=\"cms-breadcrumb unstyled justify-content-start \"><li><span class=\"breadcrumb-entry\" >Home<\/span><\/li><\/ul><\/div><\/div>\t\t\t\t<\/div>\n\t\t\t\t<\/div>\n\t\t            <\/div>\r\n        <\/div>\r\n        \t\t\t<\/div>\r\n\t\t<\/section>\r\n\t\t<div class=\"elementor-element elementor-element-91fa7ae e-flex e-con-boxed e-con e-parent\" data-id=\"91fa7ae\" data-element_type=\"container\" data-e-type=\"container\">\r\n\t\t\t\t\t<div class=\"e-con-inner\">\r\n\t\t\t\t<div class=\"elementor-element elementor-element-66449d3 elementor-widget elementor-widget-text-editor\" data-id=\"66449d3\" data-element_type=\"widget\" data-e-type=\"widget\" data-widget_type=\"text-editor.default\">\n\t\t\t\t\t\t\t\t\t<div><div id=\"sdh_HN10aZzrHs6E9u8P3ajtgQo_5\"><h3 style=\"text-align: center;\">\u00a0<\/h3><h3 style=\"text-align: center;\">K\u00fcl\u00f6nbs\u00e9g a bels\u0151 \u00e9s a k\u00fcls\u0151 Auditor k\u00f6z\u00f6tt.<\/h3><div style=\"text-align: center;\">\u00a0<\/div><h3 style=\"text-align: center;\">A bels\u0151 Auditor a v\u00e1llalat szerz\u0151d\u00f6tt partnere esetleg alkalmazottja, feladata a v\u00e1llalat \u00f6nellen\u0151rz\u00e9se \u00e9s bels\u0151 fejleszt\u00e9se, m\u00edg a k\u00fcls\u0151 Auditor (pl. tan\u00fas\u00edt\u00f3 szervezet) f\u00fcggetlen harmadik f\u00e9lk\u00e9nt ellen\u0151riz, (pl. tan\u00fas\u00edt\u00e1si audit sor\u00e1n).\u00a0<\/h3><div style=\"text-align: center;\">\u00a0<\/div><h3 style=\"text-align: center;\">Hogyan seg\u00edti \u00d6nt a bels\u0151 Auditor a mindennapokban?<\/h3><div style=\"text-align: center;\">\u00a0<\/div><h3 style=\"text-align: center;\">A bels\u0151 Auditor a v\u00e1llalkoz\u00e1s m\u0171k\u00f6d\u00e9s\u00e9nek f\u00fcggetlen \u00e9s objekt\u00edv \u00e9rt\u00e9kel\u00e9s\u00e9vel, az ir\u00e1ny\u00edt\u00e1si rendszerek (pl. min\u0151s\u00e9gi, k\u00f6rnyezeti, eg\u00e9szs\u00e9gv\u00e9delemi ir\u00e1ny\u00edt\u00e1si rendszerek) ellen\u0151rz\u00e9s\u00e9vel, a folyamatok hi\u00e1nyoss\u00e1gainak \u00e9s jav\u00edt\u00e1si lehet\u0151s\u00e9geinek azonos\u00edt\u00e1s\u00e1val, valamint a bels\u0151 auditor javaslatokat dolgoz ki a hat\u00e9konys\u00e1g, megfelel\u0151s\u00e9g \u00e9s kock\u00e1zatkezel\u00e9s jav\u00edt\u00e1s\u00e1ra, egyben biztos\u00edtja C\u00e9g\u00e9nek a szabv\u00e1nyoknak \u00e9s bels\u0151 szab\u00e1lyzatoknak val\u00f3 megfelel\u00e9st is.<\/h3><div style=\"text-align: center;\">\u00a0<\/div><div style=\"text-align: center;\"><div id=\"sdh_HN10aZzrHs6E9u8P3ajtgQo_13\"><h3 class=\"Y3BBE\" data-hveid=\"CAEIBxAA\">\u00a0<\/h3><\/div><\/div><h3 style=\"text-align: center;\">Bels\u0151 auditoraink a k\u00f6vetkez\u0151 ir\u00e1ny\u00edt\u00e1si rendszerek alkalmaz\u00e1s\u00e1val seg\u00edthetik v\u00e1llalkoz\u00e1s\u00e1t:<\/h3><div style=\"text-align: center;\">\u00a0<\/div><h3 style=\"text-align: left;\">&#8211; Audit\u00e1l\u00e1si program \u00e9s terv k\u00e9sz\u00edt\u00e9se:\u00a0<\/h3><h3 style=\"text-align: left;\">\u00a0 Megtervezi az \u00e9ves\/id\u0151szakos auditokat, kiv\u00e1lasztja az audit\u00e1land\u00f3\u00a0 ter\u00fcleteket \u00e9s folyamatokat.<\/h3><div style=\"text-align: left;\">\u00a0<\/div><h3 style=\"text-align: left;\">&#8211; Adatgy\u0171jt\u00e9s \u00e9s \u00e9rt\u00e9kel\u00e9s:\u00a0<\/h3><h3 style=\"text-align: left;\">\u00a0 Szabv\u00e1nyok, dokumentumok, k\u00e9rd\u0151\u00edvek alapj\u00e1n inform\u00e1ci\u00f3kat gy\u0171jt a szervezet folyamatair\u00f3l.<\/h3><div style=\"text-align: left;\">\u00a0<\/div><h3 style=\"text-align: left;\">&#8211; Hi\u00e1nyoss\u00e1gok azonos\u00edt\u00e1sa:\u00a0<\/h3><h3 style=\"text-align: left;\">\u00a0 Megtal\u00e1lja a nem-megfelel\u0151s\u00e9geket, fejleszt\u00e9si potenci\u00e1lokat \u00e9s a legjobb gyakorlatokat.<\/h3><div style=\"text-align: left;\">\u00a0<\/div><h3 style=\"text-align: left;\">&#8211; Jelent\u00e9sk\u00e9sz\u00edt\u00e9s:\u00a0<\/h3><h3 style=\"text-align: left;\">\u00a0 \u00d6sszegzi az audit eredm\u00e9nyeit, az elt\u00e9r\u00e9seket, a kock\u00e1zatokat \u00e9s a javaslatokat, majd elk\u00e9sz\u00edti az auditjelent\u00e9st.<\/h3><div style=\"text-align: left;\">\u00a0<\/div><h3 style=\"text-align: left;\">&#8211; Javaslatt\u00e9tel:\u00a0<\/h3><h3 style=\"text-align: left;\">\u00a0 Javaslatokat fogalmaz meg a folyamatok \u00e9s a dokument\u00e1ci\u00f3 jav\u00edt\u00e1s\u00e1ra, a helyesb\u00edt\u0151 \u00e9s megel\u0151z\u0151 int\u00e9zked\u00e9sekre.<\/h3><div style=\"text-align: left;\">\u00a0<\/div><h3 style=\"text-align: left;\">&#8211; K\u00f6vet\u00e9s (follow-up):\u00a0<\/h3><h3 style=\"text-align: left;\">\u00a0 Ellen\u0151rzi, hogy a vezet\u0151s\u00e9g v\u00e9grehajtotta-e a javasolt korrekci\u00f3s l\u00e9p\u00e9seket.<\/h3><div style=\"text-align: left;\">\u00a0<\/div><h3 style=\"text-align: left;\">&#8211;\u00a0Folyamatos fejleszt\u00e9s:\u00a0<\/h3><h3 style=\"text-align: left;\">\u00a0 C\u00e9lja a szervezet ir\u00e1ny\u00edt\u00e1si rendszereinek fenntart\u00e1sa \u00e9s tov\u00e1bbfejleszt\u00e9se.<\/h3><div style=\"text-align: left;\">\u00a0<\/div><h3 style=\"text-align: left;\">&#8211; A C\u00e9g felk\u00e9sz\u00edt\u00e9se a k\u00fcls\u0151, Tanus\u00edt\u00f3 Auditra<\/h3><\/div><\/div>\t\t\t\t\t\t\t\t<\/div>\n\t\t\t\t\t<\/div>\r\n\t\t\t\t<\/div>\r\n\t\t\t\t<section class=\"elementor-section elementor-top-section elementor-element elementor-element-ab68290 pt-110 pb-80 pb-tablet-40 elementor-section-boxed elementor-section-height-default elementor-section-height-default cms-section-banner-no\" data-id=\"ab68290\" data-element_type=\"section\" data-e-type=\"section\">\r\n\t\t\t\t\t\t<div class=\"elementor-container elementor-column-gap-default \" >\r\n\t\t\t        <div class=\"elementor-column elementor-col-100 elementor-top-column elementor-element elementor-element-57f8b54\" data-id=\"57f8b54\" data-element_type=\"column\" data-e-type=\"column\">\r\n            <div class=\"elementor-widget-wrap elementor-element-populated\">\r\n                \t\t<div class=\"elementor-element elementor-element-eb9701f elementor-widget elementor-widget-text-editor\" data-id=\"eb9701f\" data-element_type=\"widget\" data-e-type=\"widget\" data-widget_type=\"text-editor.default\">\n\t\t\t\t\t\t\t\t\t<h1 style=\"text-align: center;\">\u00a0ISO 9001<\/h1><h3>Az ISO 9001 egy nemzetk\u00f6zileg elismert szabv\u00e1ny, amely a\u00a0<strong>min\u0151s\u00e9gir\u00e1ny\u00edt\u00e1si rendszerek (MIR)<\/strong>\u00a0k\u00f6vetelm\u00e9nyeit fogalmazza meg, \u00e9s seg\u00edt a szervezeteknek (b\u00e1rmilyen m\u00e9ret\u0171 \u00e9s t\u00edpus\u00fa) folyamatosan jav\u00edtani term\u00e9keik, szolg\u00e1ltat\u00e1saik min\u0151s\u00e9g\u00e9t, kiel\u00e9g\u00edtve ezzel az \u00fcgyfelek elv\u00e1r\u00e1sait \u00e9s a jogszab\u00e1lyi el\u0151\u00edr\u00e1sokat is, n\u00f6velve a hat\u00e9konys\u00e1got \u00e9s az \u00fcgyf\u00e9l-el\u00e9gedetts\u00e9get. A leg\u00fajabb verzi\u00f3 az ISO 9001:2015, amely a folyamatokra, kock\u00e1zatkezel\u00e9sre \u00e9s a fels\u0151 vezet\u00e9s elk\u00f6telezetts\u00e9g\u00e9re helyez nagyobb hangs\u00falyt, \u00e9s az ISO 9000 szabv\u00e1nycsal\u00e1d alapja.<\/h3><h1>\u00a0<\/h1><h1 style=\"text-align: center;\"><strong>ISO 14001<\/strong><\/h1><h3>Az ISO 14001 a Nemzetk\u00f6zi Szabv\u00e1ny\u00fcgyi Szervezet (ISO) legelterjedtebb szabv\u00e1nya a\u00a0<strong>k\u00f6rnyezetk\u00f6zpont\u00fa ir\u00e1ny\u00edt\u00e1si rendszerek<\/strong> (KIR) sz\u00e1m\u00e1ra, amely keretrendszert biztos\u00edt a v\u00e1llalatoknak a k\u00f6rnyezeti hat\u00e1sok azonos\u00edt\u00e1s\u00e1ra, minimaliz\u00e1l\u00e1s\u00e1ra, \u00e9s a jogszab\u00e1lyi k\u00f6vetelm\u00e9nyeknek val\u00f3 megfelel\u00e9sre, a folyamatos teljes\u00edtm\u00e9nyjav\u00edt\u00e1s \u00e9rdek\u00e9ben. A szabv\u00e1ny seg\u00edt a hullad\u00e9k cs\u00f6kkent\u00e9s\u00e9ben, az energiahat\u00e9konys\u00e1g n\u00f6vel\u00e9s\u00e9ben, \u00e9s a k\u00f6rnyezettudatosabb m\u0171k\u00f6d\u00e9s kialak\u00edt\u00e1s\u00e1ban, ami versenyel\u0151nyt is jelent.<\/h3><h1>\u00a0<\/h1><h1 style=\"text-align: center;\">ISO 45001<\/h1><h3><strong>Az ISO 45001 egy nemzetk\u00f6zi szabv\u00e1ny a munkahelyi eg\u00e9szs\u00e9gv\u00e9delem \u00e9s biztons\u00e1g (MEBIR) ir\u00e1ny\u00edt\u00e1si rendszer\u00e9re, amely seg\u00edt a szervezeteknek cs\u00f6kkenteni a munkahelyi kock\u00e1zatokat (balesetek, s\u00e9r\u00fcl\u00e9sek, eg\u00e9szs\u00e9gk\u00e1rosod\u00e1sok), \u00e9s proakt\u00edvan jav\u00edtani a munkav\u00e1llal\u00f3k biztons\u00e1g\u00e1t, valamint a szervezet teljes\u00edtm\u00e9ny\u00e9t. Az OHSAS 18001 ut\u00f3djak\u00e9nt 2018-ban jelent meg, \u00e9s k\u00f6nnyen integr\u00e1lhat\u00f3 m\u00e1s szabv\u00e1nyokkal, mint az ISO 9001 \u00e9s ISO 14001. A tan\u00fas\u00edt\u00e1s bizony\u00edtja a munkav\u00e1llal\u00f3k ir\u00e1nti elk\u00f6telezetts\u00e9get, a jogszab\u00e1lyoknak val\u00f3 megfelel\u00e9st \u00e9s a folyamatos fejl\u0151d\u00e9st.<\/strong><\/h3>\t\t\t\t\t\t\t\t<\/div>\n\t\t            <\/div>\r\n        <\/div>\r\n        \t\t\t<\/div>\r\n\t\t<\/section>\r\n\t\t<div class=\"elementor-element elementor-element-32502fb e-flex e-con-boxed e-con e-parent\" data-id=\"32502fb\" data-element_type=\"container\" data-e-type=\"container\">\r\n\t\t\t\t\t<div class=\"e-con-inner\">\r\n\t\t\t\t<div class=\"elementor-element elementor-element-bb53416 elementor-widget elementor-widget-cms_contact_form\" data-id=\"bb53416\" data-element_type=\"widget\" data-e-type=\"widget\" data-widget_type=\"cms_contact_form.default\">\n\t\t\t\t<div class=\"elementor-widget-container\">\n\t\t\t\t\t<div class=\"d-flex justify-content-end row-30\">\n\t\t\t<div class=\"col-6 col-mobile-extra-12\">\n\t\t\t<div class=\"banner-title relative p-tb-25 p-lr-30 p-lr-tablet-20 bg-primary d-flex align-items-center gap-20\"><i class=\"flex-auto text-48 text-grey2  cmsi cmsi-email\" aria-hidden=\"true\"><\/i>\t\t\t\t<div class=\"flex-basic\">\n\t\t\t\t\t<h3 class=\"cms-title cms-heading text-22 font-600 text-white\"> VEGYE FEL VEL\u00dcNK A KAPCSOLATOT, <br \/>\n  \u00cdRJON NEK\u00dcNK, KERESNI FOGJUK.<br \/>\n<br \/>\n- HA MEGADJA SZ\u00c1M\u00c1T IS , H\u00cdVNI FOGJUK. -<\/h3>\n\t\t\t\t\t<div class=\"cms-desc text-15 pt-5 text-white empty-none\"><\/div>\n\t\t\t\t<\/div>\n\t\t\t<\/div>\n\t\t<\/div>\n\t\t<div class=\"col-12\">\n\t\t<div class=\"bg-white p-70 p-lr-smobile-20\">\n\t\t\t\n<div class=\"wpcf7 no-js\" id=\"wpcf7-f1912-p19-o1\" lang=\"en-US\" dir=\"ltr\" data-wpcf7-id=\"1912\">\n<div class=\"screen-reader-response\"><p role=\"status\" aria-live=\"polite\" aria-atomic=\"true\"><\/p> <ul><\/ul><\/div>\n<form action=\"\/?page_id=19#wpcf7-f1912-p19-o1\" method=\"post\" class=\"wpcf7-form init\" aria-label=\"Kapcsolatfelv\u00e9teli \u0171rlap\" novalidate=\"novalidate\" data-status=\"init\">\n<fieldset class=\"hidden-fields-container\"><input type=\"hidden\" name=\"_wpcf7\" value=\"1912\" \/><input type=\"hidden\" name=\"_wpcf7_version\" value=\"6.1.5\" \/><input type=\"hidden\" name=\"_wpcf7_locale\" value=\"en_US\" \/><input type=\"hidden\" name=\"_wpcf7_unit_tag\" value=\"wpcf7-f1912-p19-o1\" \/><input type=\"hidden\" name=\"_wpcf7_container_post\" value=\"19\" \/><input type=\"hidden\" name=\"_wpcf7_posted_data_hash\" value=\"\" \/>\n<\/fieldset>\n<label> \u00d6n neve\n    <span class=\"wpcf7-form-control-wrap\" data-name=\"your-name\"><input size=\"40\" maxlength=\"400\" class=\"wpcf7-form-control wpcf7-text wpcf7-validates-as-required\" autocomplete=\"name\" aria-required=\"true\" aria-invalid=\"false\" value=\"\" type=\"text\" name=\"your-name\" \/><\/span> <\/label>\n<label> \u00d6n email c\u00edme\n    <span class=\"wpcf7-form-control-wrap\" data-name=\"your-email\"><input size=\"40\" maxlength=\"400\" class=\"wpcf7-form-control wpcf7-email wpcf7-validates-as-required wpcf7-text wpcf7-validates-as-email\" autocomplete=\"email\" aria-required=\"true\" aria-invalid=\"false\" value=\"\" type=\"email\" name=\"your-email\" \/><\/span> <\/label>\n<label> Milyen t\u00e9m\u00e1ban seg\u00edthet\u00fcnk?\n    <span class=\"wpcf7-form-control-wrap\" data-name=\"your-subject\"><input size=\"40\" maxlength=\"400\" class=\"wpcf7-form-control wpcf7-text wpcf7-validates-as-required\" aria-required=\"true\" aria-invalid=\"false\" value=\"\" type=\"text\" name=\"your-subject\" \/><\/span> <\/label>\n<label> Megjegyz\u00e9s \n    <span class=\"wpcf7-form-control-wrap\" data-name=\"your-message\"><textarea cols=\"40\" rows=\"10\" maxlength=\"2000\" class=\"wpcf7-form-control wpcf7-textarea\" aria-invalid=\"false\" name=\"your-message\"><\/textarea><\/span> <\/label>\n<button class=\"wpcf7-form-control wpcf7-submit\" type=\"submit\">K\u00fcld\u00e9s<\/button><input type='hidden' class='wpcf7-pum' value='{\"closepopup\":false,\"closedelay\":0,\"openpopup\":false,\"openpopup_id\":0}' \/><div class=\"wpcf7-response-output\" aria-hidden=\"true\"><\/div>\n<\/form>\n<\/div>\n\t\t<\/div>\n\t<\/div>\n<\/div>\t\t\t\t<\/div>\n\t\t\t\t<\/div>\n\t\t\t\t\t<\/div>\r\n\t\t\t\t<\/div>\r\n\t\t\t\t<\/div>\n\t\t","protected":false},"excerpt":{"rendered":"<p>ISO BELS\u0150 AUDITOR ISO 9001 &#8211; MIR ISO 14001 &#8211; KIR ISO 45001 &#8211; MEBIR Home K\u00fcl\u00f6nbs\u00e9g a bels\u0151 \u00e9s a k\u00fcls\u0151 Auditor k\u00f6z\u00f6tt. A bels\u0151 Auditor a v\u00e1llalat szerz\u0151d\u00f6tt partnere esetleg alkalmazottja, feladata a v\u00e1llalat \u00f6nellen\u0151rz\u00e9se \u00e9s bels\u0151 fejleszt\u00e9se, m\u00edg a k\u00fcls\u0151 Auditor (pl. tan\u00fas\u00edt\u00f3 szervezet) f\u00fcggetlen harmadik f\u00e9lk\u00e9nt ellen\u0151riz, (pl. tan\u00fas\u00edt\u00e1si audit sor\u00e1n). [&hellip;]<\/p>\n","protected":false},"author":1,"featured_media":0,"parent":0,"menu_order":6,"comment_status":"closed","ping_status":"closed","template":"","meta":{"pagelayer_contact_templates":[],"_pagelayer_content":"","footnotes":""},"class_list":["post-19","page","type-page","status-publish","hentry"],"_links":{"self":[{"href":"https:\/\/iparbiztonsagkft.com\/index.php?rest_route=\/wp\/v2\/pages\/19","targetHints":{"allow":["GET"]}}],"collection":[{"href":"https:\/\/iparbiztonsagkft.com\/index.php?rest_route=\/wp\/v2\/pages"}],"about":[{"href":"https:\/\/iparbiztonsagkft.com\/index.php?rest_route=\/wp\/v2\/types\/page"}],"author":[{"embeddable":true,"href":"https:\/\/iparbiztonsagkft.com\/index.php?rest_route=\/wp\/v2\/users\/1"}],"replies":[{"embeddable":true,"href":"https:\/\/iparbiztonsagkft.com\/index.php?rest_route=%2Fwp%2Fv2%2Fcomments&post=19"}],"version-history":[{"count":56,"href":"https:\/\/iparbiztonsagkft.com\/index.php?rest_route=\/wp\/v2\/pages\/19\/revisions"}],"predecessor-version":[{"id":5128,"href":"https:\/\/iparbiztonsagkft.com\/index.php?rest_route=\/wp\/v2\/pages\/19\/revisions\/5128"}],"wp:attachment":[{"href":"https:\/\/iparbiztonsagkft.com\/index.php?rest_route=%2Fwp%2Fv2%2Fmedia&parent=19"}],"curies":[{"name":"wp","href":"https:\/\/api.w.org\/{rel}","templated":true}]}}